{"id":16,"date":"2026-03-24T10:15:03","date_gmt":"2026-03-24T10:15:03","guid":{"rendered":"http:\/\/themes.getmotopress.com\/oceanica\/?page_id=16"},"modified":"2026-03-24T10:15:03","modified_gmt":"2026-03-24T10:15:03","slug":"hotel","status":"publish","type":"page","link":"https:\/\/oceanica.axessdata.se\/","title":{"rendered":"V\u00e4lkommen till Oceanica Hotell"},"content":{"rendered":"<p style=\"text-align: center;\">Oceanica Hotell \u00e4r en av de mest k\u00e4nda semesterorterna i Florida. Det \u00e4r inte bara en plats att sova p\u00e5 medan du \u00e4r p\u00e5 semester \u2013 det \u00e4r din dr\u00f6mplats att f\u00f6rdjupa dig i en atmosf\u00e4r av avkoppling, frihet och massor av underh\u00e5llning. Vi erbjuder f\u00f6rstklassiga tj\u00e4nster p\u00e5 varje niv\u00e5 \u2013 lyxiga hotellrum, utm\u00e4rkt service, restaurang och naturligtvis den b\u00e4sta hotell personalen. Helt enkelt ett hem f\u00f6r din of\u00f6rgl\u00f6mliga tid och dina b\u00e4sta kamerabilder.<\/p>\n\n\n<p><\/p>\n","protected":false},"excerpt":{"rendered":"<p>Ditt paradis med vit sand i Florida. Bara njut.<\/p>\n","protected":false},"author":1,"featured_media":336,"parent":0,"menu_order":0,"comment_status":"closed","ping_status":"closed","template":"template-front-page.php","meta":{"footnotes":""},"class_list":["post-16","page","type-page","status-publish","has-post-thumbnail","hentry"],"_links":{"self":[{"href":"https:\/\/oceanica.axessdata.se\/index.php\/wp-json\/wp\/v2\/pages\/16","targetHints":{"allow":["GET"]}}],"collection":[{"href":"https:\/\/oceanica.axessdata.se\/index.php\/wp-json\/wp\/v2\/pages"}],"about":[{"href":"https:\/\/oceanica.axessdata.se\/index.php\/wp-json\/wp\/v2\/types\/page"}],"author":[{"embeddable":true,"href":"https:\/\/oceanica.axessdata.se\/index.php\/wp-json\/wp\/v2\/users\/1"}],"replies":[{"embeddable":true,"href":"https:\/\/oceanica.axessdata.se\/index.php\/wp-json\/wp\/v2\/comments?post=16"}],"version-history":[{"count":3,"href":"https:\/\/oceanica.axessdata.se\/index.php\/wp-json\/wp\/v2\/pages\/16\/revisions"}],"predecessor-version":[{"id":424,"href":"https:\/\/oceanica.axessdata.se\/index.php\/wp-json\/wp\/v2\/pages\/16\/revisions\/424"}],"wp:featuredmedia":[{"embeddable":true,"href":"https:\/\/oceanica.axessdata.se\/index.php\/wp-json\/wp\/v2\/media\/336"}],"wp:attachment":[{"href":"https:\/\/oceanica.axessdata.se\/index.php\/wp-json\/wp\/v2\/media?parent=16"}],"curies":[{"name":"wp","href":"https:\/\/api.w.org\/{rel}","templated":true}]}}